{"id":19,"date":"2024-05-12T20:31:45","date_gmt":"2024-05-12T20:31:45","guid":{"rendered":"https:\/\/carmesos.com\/web\/?page_id=19"},"modified":"2024-05-17T19:42:49","modified_gmt":"2024-05-17T19:42:49","slug":"hello","status":"publish","type":"page","link":"https:\/\/carmesos.com\/web\/","title":{"rendered":""},"content":{"rendered":"\n<p class=\"has-text-align-center\"><\/p>\n\n\n\n<div class=\"wp-block-columns is-layout-flex wp-container-core-columns-is-layout-9d6595d7 wp-block-columns-is-layout-flex\">\n<div class=\"wp-block-column is-layout-flow wp-block-column-is-layout-flow\" style=\"flex-basis:55%\">\n<h3 class=\"wp-block-heading has-text-align-center\">\u00a1Bienvenida!<\/h3>\n\n\n\n<h5 class=\"wp-block-heading has-text-align-center\">Soy Carme Sos, coach en Neuroconsciencia Simbi\u00f3tica.<\/h5>\n\n\n\n<h6 class=\"wp-block-heading has-text-align-center\">La base de mi m\u00e9todo es la fusi\u00f3n de diferentes herramientas de neuroconsciencia y espiritualidad.<\/h6>\n\n\n\n<h6 class=\"wp-block-heading has-text-align-center\">La realidad f\u00edsica (tangible) y la realidad espiritual (intangible) forman parte de quien somos. Sin embargo, otros m\u00e9todos suelen enfocarse en solo una de estas partes dirigi\u00e9ndose hacia una transformaci\u00f3n incompleta y temporal. <\/h6>\n\n\n\n<h6 class=\"wp-block-heading has-text-align-center\">Para una transformaci\u00f3n real y profunda, mi propuesta es trabajar desde ambas perspectivas creando un proceso \u00fanico que se adapte a tus objetivos y necesidades. <\/h6>\n\n\n\n<h6 class=\"wp-block-heading has-text-align-center\">Durante este proceso te estar\u00e9 acompa\u00f1ando para dar luz a tu inconsciente y desbloquear la imagen inconsciente y limitada que tienes de ti misma. <\/h6>\n\n\n\n<h6 class=\"wp-block-heading has-text-align-center\">El resultado ser\u00e1<strong> <\/strong><em><strong>des-cubrir<\/strong><\/em><strong> <\/strong>tu verdadera esencia e identidad y te llevar\u00e1 a crear una nueva realidad en la que lograr\u00e1s vivir con un sentimiento pleno de valor y realizaci\u00f3n personal. <\/h6>\n\n\n\n<blockquote class=\"wp-block-quote is-layout-flow wp-block-quote-is-layout-flow\">\n<p>\u00abLo que niegas, te somete. Lo que aceptas, te transforma. Aquello a lo que te resistes, persiste\u00bb.<\/p>\n<cite>Carl G. Jung<\/cite><\/blockquote>\n\n\n\n<p class=\"has-text-align-center\">Contacta conmigo para cualquier duda y disponer de una sesi\u00f3n gratuita de <strong><em>des-cubrimiento<\/em><\/strong>.<\/p>\n\n\n\n<p class=\"has-text-align-center\">A partir de ese momento ser\u00e1s la reina de tu vida.<\/p>\n<\/div>\n\n\n\n<div class=\"wp-block-column is-vertically-aligned-center is-layout-flow wp-block-column-is-layout-flow\" style=\"flex-basis:45%\"><div class=\"wp-block-image\">\n<figure class=\"aligncenter size-full is-resized\"><img loading=\"lazy\" decoding=\"async\" width=\"1024\" height=\"1024\" src=\"https:\/\/carmesos.com\/web\/wp-content\/uploads\/2024\/05\/image.png\" alt=\"La imagen tiene un atributo ALT vac\u00edo; su nombre de archivo es Carme-SOS_1080x1080-1024x1024.png\" class=\"wp-image-155\" style=\"width:760px;height:auto\" srcset=\"https:\/\/carmesos.com\/web\/wp-content\/uploads\/2024\/05\/image.png 1024w, https:\/\/carmesos.com\/web\/wp-content\/uploads\/2024\/05\/image-300x300.png 300w, https:\/\/carmesos.com\/web\/wp-content\/uploads\/2024\/05\/image-150x150.png 150w, https:\/\/carmesos.com\/web\/wp-content\/uploads\/2024\/05\/image-768x768.png 768w\" sizes=\"auto, (max-width: 1024px) 100vw, 1024px\" \/><\/figure>\n<\/div><\/div>\n<\/div>\n","protected":false},"excerpt":{"rendered":"<p>\u00a1Bienvenida! Soy Carme Sos, coach en Neuroconsciencia Simbi\u00f3tica. La base de mi m\u00e9todo es la fusi\u00f3n de diferentes herramientas de &hellip; <\/p>\n","protected":false},"author":1,"featured_media":0,"parent":0,"menu_order":0,"comment_status":"closed","ping_status":"closed","template":"","meta":{"_coachify_sidebar_layout":"default-sidebar","footnotes":""},"class_list":["post-19","page","type-page","status-publish","hentry","image-hover-transition-effect"],"_links":{"self":[{"href":"https:\/\/carmesos.com\/web\/wp-json\/wp\/v2\/pages\/19","targetHints":{"allow":["GET"]}}],"collection":[{"href":"https:\/\/carmesos.com\/web\/wp-json\/wp\/v2\/pages"}],"about":[{"href":"https:\/\/carmesos.com\/web\/wp-json\/wp\/v2\/types\/page"}],"author":[{"embeddable":true,"href":"https:\/\/carmesos.com\/web\/wp-json\/wp\/v2\/users\/1"}],"replies":[{"embeddable":true,"href":"https:\/\/carmesos.com\/web\/wp-json\/wp\/v2\/comments?post=19"}],"version-history":[{"count":33,"href":"https:\/\/carmesos.com\/web\/wp-json\/wp\/v2\/pages\/19\/revisions"}],"predecessor-version":[{"id":166,"href":"https:\/\/carmesos.com\/web\/wp-json\/wp\/v2\/pages\/19\/revisions\/166"}],"wp:attachment":[{"href":"https:\/\/carmesos.com\/web\/wp-json\/wp\/v2\/media?parent=19"}],"curies":[{"name":"wp","href":"https:\/\/api.w.org\/{rel}","templated":true}]}}